{"id":3735,"date":"2024-03-25T11:25:51","date_gmt":"2024-03-25T10:25:51","guid":{"rendered":"https:\/\/enotria.rs\/?post_type=product&#038;p=3735"},"modified":"2024-05-20T11:33:53","modified_gmt":"2024-05-20T09:33:53","slug":"brunello-di-montalcino-ps-riserva-2012","status":"publish","type":"product","link":"https:\/\/www.enotria.rs\/en\/shop\/brunello-di-montalcino-ps-riserva-2012\/","title":{"rendered":"Brunello di Montalcino PS Riserva 2012"},"content":{"rendered":"<div class=\"wpb-content-wrapper\"><p>[vc_row el_class=\u201docene-vina-kontejner\u201d][vc_column width=\u201d1\/3\u2033][\/vc_column][vc_column width=\u201d1\/3\u2033][vc_column_text el_class=\u201docene-vina\u201d]<\/p><h3><img loading=\"lazy\" decoding=\"async\" class=\"ocena-vina-ikona alignleft wp-image-1737\" role=\"img\" src=\"https:\/\/enotria.rs\/wp-content\/uploads\/ikona-ocene.svg\" alt=\"\" width=\"30\" height=\"30\" srcset=\"\"\/>Ratings<\/h3><p>[\/vc_column_text][vc_column_text el_class=\u201docene-vina-tabela\u201d]<\/p><table style=\"height: 115px;\" width=\"205\"><tbody><tr><td><strong>98<\/strong><\/td><td><strong>FA<\/strong> (Falstaff)<\/td><\/tr><tr><td><strong>96<\/strong><\/td><td><strong>RP<\/strong> (Wine Advocate)<\/td><\/tr><tr><td><strong>95<\/strong><\/td><td><strong>WS<\/strong> (Wine Spectator)<\/td><\/tr><\/tbody><\/table><p>[\/vc_column_text][\/vc_column][vc_column width=\u201d1\/3\u2033][\/vc_column][\/vc_row][vc_row content_placement=\u201dmiddle\u201d css=\u201d.vc_custom_1591030782214{border-bottom-width: 0px !important;padding-top: 0px !important;padding-bottom: 0px !important;background-color: #ededed !important;border-bottom-color: #ffffff !important;border-bottom-style: solid !important;}\u201d][vc_column css=\u201d.vc_custom_1591730351964{padding-top: 15% !important;padding-right: 15% !important;padding-bottom: 15% !important;padding-left: 15% !important;background-color: #f2f2f2 !important;}\u201d offset=\u201dvc_col-lg-6 vc_col-md-6\u2033] <div class=\"title-subtitle-box wpb_animate_when_almost_visible wpb_appear appear\" style=\"text-align: left;\"><h2 style=\"font-weight: normal;\">Tasting Notes<\/h2><\/div> [vc_column_text css_animation=\u201dappear\u201d]PS is made from the grapes grow in a single vineyard planted by Siro Pacenti on the north side of Montalcino at the beginning of the Seventies.<br\/> Bottled only in exceptional vintages.<\/p><p>PS is well structured, elegant and potent, possessing the unique character of the land where it is born.[\/vc_column_text][\/vc_column][vc_column offset=\u201dvc_col-lg-6 vc_col-md-6 vc_col-xs-12\u2033 el_class=\u201dzacinski_ukusi_kontejner\u201d][vc_row_inner][vc_column_inner el_class=\u201dzacinski_ukusi\u201d width=\u201d1\/4\u2033 offset=\u201dvc_col-xs-3\u2033][vc_single_image image=\u201d2590\u2033 img_size=\u201dfull\u201d][\/vc_column_inner][vc_column_inner el_class=\u201dzacinski_ukusi\u201d width=\u201d1\/4\u2033 offset=\u201dvc_col-xs-3\u2033][vc_single_image image=\u201d2637\u2033 img_size=\u201dfull\u201d][\/vc_column_inner][vc_column_inner el_class=\u201dzacinski_ukusi\u201d width=\u201d1\/4\u2033 offset=\u201dvc_col-xs-3\u2033][vc_single_image image=\u201d1764\u2033 img_size=\u201dfull\u201d][\/vc_column_inner][vc_column_inner el_class=\u201dzacinski_ukusi\u201d width=\u201d1\/4\u2033 offset=\u201dvc_col-xs-3\u2033][vc_single_image image=\u201d2591\u2033 img_size=\u201dfull\u201d][\/vc_column_inner][\/vc_row_inner][\/vc_column][\/vc_row][vc_row content_placement=\u201dmiddle\u201d css=\u201d.vc_custom_1589642594818{padding-top: 0px !important;padding-bottom: 0px !important;background-color: #f2f2f2 !important;}\u201d][vc_column css=\u201d.vc_custom_1599057148718{padding-top: 0px !important;padding-right: 0px !important;padding-bottom: 0px !important;padding-left: 0px !important;}\u201d offset=\u201dvc_col-lg-6 vc_col-md-6\u2033][vc_single_image image=\u201d2314\u2033 img_size=\u201dfull\u201d css=\u201d.vc_custom_1596792774841{margin-bottom: 0px !important;}\u201d][\/vc_column][vc_column css=\u201d.vc_custom_1589642622064{padding-top: 15% !important;padding-right: 15% !important;padding-bottom: 15% !important;padding-left: 15% !important;}\u201d offset=\u201dvc_col-lg-6 vc_col-md-6\u2033] <div class=\"title-subtitle-box wpb_animate_when_almost_visible wpb_appear appear\" style=\"text-align: left;\"><p style=\"\">To make your choice easier<\/p><h2 style=\"font-weight: normal;\">Serving and food pairing<\/h2><\/div> [vc_column_text css_animation=\u201dappear\u201d]Decant it for at least an hour and serve it at 16-18\u00b0C.<\/p><p>Great pair with quail meat.[\/vc_column_text][\/vc_column][\/vc_row][vc_row content_placement=\u201dmiddle\u201d css=\u201d.vc_custom_1589642633999{padding-top: 0px !important;padding-bottom: 0px !important;background-color: #f2f2f2 !important;}\u201d][vc_column css=\u201d.vc_custom_1599057156818{padding-top: 20% !important;padding-right: 15% !important;padding-bottom: 20% !important;padding-left: 15% !important;}\u201d offset=\u201dvc_col-lg-6 vc_col-md-6\u2033] <div class=\"title-subtitle-box wpb_animate_when_almost_visible wpb_appear appear\" style=\"text-align: left;\"><h2 style=\"font-weight: normal;\">Technical Article<\/h2><\/div><div class=\"featured-icon-box wpb_animate_when_almost_visible wpb_appear appearstyle_2\"><div class=\"vc_icon_element vc_icon_element-outer vc_icon_element-align-pull-left\"><div class=\"vc_icon_element-inner vc_icon_element-size-md\"><span class=\"vc_icon_element-icon far fa-file-pdf\"><\/span><a class=\"vc_icon_element-link\" href=\"https:\/\/enotria.rs\/wp-content\/uploads\/siropacenti_PS-Riserva-2012.pdf\" title=\"\" target=\"_blank\"><\/a><\/div><\/div><h3><a href=\"https:\/\/enotria.rs\/wp-content\/uploads\/siropacenti_PS-Riserva-2012.pdf\" title=\"\" target=\"_blank\">Technical Article<\/a><\/h3><div class=\"clearfix\"><\/div><div class=\"featured-icon-desc\">Brunello di Montalcino PS Riserva 2012<\/div><\/div>[\/vc_column][vc_column css=\u201d.vc_custom_1460635878309{padding-top: 0px !important;padding-right: 0px !important;padding-bottom: 0px !important;padding-left: 0px !important;}\u201d offset=\u201dvc_col-lg-6 vc_col-md-6 vc_hidden-sm vc_hidden-xs\u201d][vc_single_image image=\u201d2171\u2033 img_size=\u201dfull\u201d css=\u201d.vc_custom_1596045493834{margin-bottom: 0px !important;}\u201d][\/vc_column][\/vc_row][vc_row disable_element=\u201dyes\u201d][vc_column][vc_column_text]<\/p><h2>Brunello di Montalcino PS Riserva<\/h2><p><span class=\"istaknuti-tekst\">Imanje Pa\u0107enti osnovano je 1970. godine, kada je Siro Pa\u0107enti otkupio imanje Pelagrili severno od Montal\u0107ina, a potom posadio vinograde koji se i danas tu nalaze, na sve\u017eem, glinenom zemlji\u0161tu iznad Siene.<\/span><\/p><h2>Siro Pacenti<\/h2><p><a href=\"https:\/\/enotria.rs\/nasi-brendovi\/siro-pacenti\/\">https:\/\/enotria.rs\/nasi-brendovi\/siro-pacenti\/<\/a><\/p><p><span class=\"istaknuti-tekst\">1988. vinariju preuzima \u0110ankarlo Pa\u0107enti (Giancarlo Pacenti). To je bila godina u kojoj su po prvi put fla\u0161irani Rosso i Brunello di Montalcino Siro Pacenti. vinarija vino italija vino vinarija<\/span><\/p><p><a href=\"http:\/\/www.siropacenti.it\/en\/vini\/wines?v=11\">http:\/\/www.siropacenti.it\/en\/vini\/wines?v=11<\/a><\/p><p>Ovde, na tlu bogatom mineralima, krajem \u0161ezdesetih godina, \u0110ankarlov deda zasadio je pet hektara vinograda koji su bili posebno va\u017eni za formiranje stila i karakteristika vina Siro Pacenti. Sadnice odnosno kalemovi za sve nove vinograde sorte Sangiovese se formiraju od zasada sa ovih starih vinograda. Devedesete su obele\u017eili po\u010detak partnerstva sa Univerzitetom iz Bordoa i prvi eksperimenti na fenolnoj zrelosti primenjeni na San\u0111ovezeu (Yves Glories).<\/p><h2>Brunello di Montalcino PS Riserva<\/h2><h2>Siro Pacenti<\/h2><p>Novi podrum je izgra\u0111en izme\u0111u 2001. i 2004. spajaju\u0107i tehnologiju i iskustvo u pogledu gro\u017e\u0111a i zemlje. Najbolja vina Italije. Toscana, Toskana vino cena. Vinarija Siro Pacenti je jedna od najboljih butik vinarija koja proizvodi vino brunello di Montalcino od sorte grozdja Sangiovese.<\/p><p><strong>2019. godine D\u017eejms Sakling (James Suckling) progla\u0161ava Siro Pacenti Brunello di Montalcino Vecchie Vigne 2015 vinom godine i dodeljuje mu maksimalnih 100 poena!<\/strong><\/p><p>Po\u010detkom devedesetih godina, imanje se pro\u0161irilo i obuhvatalo zemlju ju\u017eno od Montal\u0107ina (Piancornello).<\/p><h3>James Suckling 100 points. Najbolje italijansko vino<\/h3><p>[\/vc_column_text][\/vc_column][\/vc_row]<\/p><\/div>","protected":false},"excerpt":{"rendered":"<p>[vc_row el_class=\u201docene-vina-kontejner\u201d][vc_column width=\u201d1\/3\u2033][\/vc_column][vc_column width=\u201d1\/3\u2033][vc_column_text el_class=\u201docene-vina\u201d]Ratings[\/vc_column_text][vc_column_text el_class=\u201docene-vina-tabela\u201d]98FA (Falstaff)96RP (Wine Advocate)95WS (Wine Spectator)[\/vc_column_text][\/vc_column][vc_column width=\u201d1\/3\u2033][\/vc_column][\/vc_row][vc_row content_placement=\u201dmiddle\u201d css=\u201d.vc_custom_1591030782214{border-bottom-width: 0px !important;padding-top: 0px !important;padding-bottom: 0px !important;background-color: #ededed !important;border-bottom-color: #ffffff !important;border-bottom-style: solid !important;}\u201d][vc_column css=\u201d.vc_custom_1591730351964{padding-top: 15% !important;padding-right: 15%<br class=\"read-more-spacer\"> <a class=\"more-link\" href=\"https:\/\/www.enotria.rs\/en\/shop\/brunello-di-montalcino-ps-riserva-2012\/\">Read More<\/a><\/p>\n","protected":false},"featured_media":2941,"template":"","meta":[],"product_cat":[101,80,19,78],"product_tag":[86,90,33,85],"yst_prominent_words":[],"_links":{"self":[{"href":"https:\/\/www.enotria.rs\/en\/wp-json\/wp\/v2\/product\/3735"}],"collection":[{"href":"https:\/\/www.enotria.rs\/en\/wp-json\/wp\/v2\/product"}],"about":[{"href":"https:\/\/www.enotria.rs\/en\/wp-json\/wp\/v2\/types\/product"}],"wp:featuredmedia":[{"embeddable":true,"href":"https:\/\/www.enotria.rs\/en\/wp-json\/wp\/v2\/media\/2941"}],"wp:attachment":[{"href":"https:\/\/www.enotria.rs\/en\/wp-json\/wp\/v2\/media?parent=3735"}],"wp:term":[{"taxonomy":"product_cat","embeddable":true,"href":"https:\/\/www.enotria.rs\/en\/wp-json\/wp\/v2\/product_cat?post=3735"},{"taxonomy":"product_tag","embeddable":true,"href":"https:\/\/www.enotria.rs\/en\/wp-json\/wp\/v2\/product_tag?post=3735"},{"taxonomy":"yst_prominent_words","embeddable":true,"href":"https:\/\/www.enotria.rs\/en\/wp-json\/wp\/v2\/yst_prominent_words?post=3735"}],"curies":[{"name":"wp","href":"https:\/\/api.w.org\/{rel}","templated":true}]}}