{"id":3411,"date":"2022-12-20T20:02:53","date_gmt":"2022-12-20T19:02:53","guid":{"rendered":"https:\/\/enotria.rs\/?post_type=product&#038;p=3411"},"modified":"2024-05-13T12:14:05","modified_gmt":"2024-05-13T10:14:05","slug":"petrolo-galatrona-2019","status":"publish","type":"product","link":"https:\/\/www.enotria.rs\/en\/shop\/petrolo-galatrona-2019\/","title":{"rendered":"Galatrona 2019"},"content":{"rendered":"<div class=\"wpb-content-wrapper\"><p>[vc_row el_class=\u201docene-vina-kontejner\u201d][vc_column width=\u201d1\/3\u2033][\/vc_column][vc_column width=\u201d1\/3\u2033][vc_column_text el_class=\u201docene-vina\u201d]<\/p><h3><img loading=\"lazy\" decoding=\"async\" class=\"ocena-vina-ikona alignleft wp-image-1737\" role=\"img\" src=\"https:\/\/enotria.rs\/wp-content\/uploads\/ikona-ocene.svg\" alt=\"\" width=\"30\" height=\"30\" srcset=\"\"\/> Ratings<\/h3><p>[\/vc_column_text][vc_column_text el_class=\u201docene-vina-tabela\u201d]<\/p><table style=\"height: 115px;\" width=\"196\"><tbody><tr><td><strong>99<\/strong><\/td><td><strong>JS<\/strong> (James Suckling)<\/td><\/tr><tr><td><strong>99<\/strong><\/td><td><strong>FA<\/strong> (Falstaff)<\/td><\/tr><tr><td><strong>97<\/strong><\/td><td><strong>RP<\/strong> (Robert Parker)<\/td><\/tr><\/tbody><\/table><p>[\/vc_column_text][\/vc_column][vc_column width=\u201d1\/3\u2033][\/vc_column][\/vc_row][vc_row content_placement=\u201dmiddle\u201d css=\u201d.vc_custom_1591030782214{border-bottom-width: 0px !important;padding-top: 0px !important;padding-bottom: 0px !important;background-color: #ededed !important;border-bottom-color: #ffffff !important;border-bottom-style: solid !important;}\u201d][vc_column css=\u201d.vc_custom_1591730351964{padding-top: 15% !important;padding-right: 15% !important;padding-bottom: 15% !important;padding-left: 15% !important;background-color: #f2f2f2 !important;}\u201d offset=\u201dvc_col-lg-6 vc_col-md-6\u2033] <div class=\"title-subtitle-box wpb_animate_when_almost_visible wpb_appear appear\" style=\"text-align: left;\"><h2 style=\"font-weight: normal;\">Tasting Notes<\/h2><\/div> [vc_column_text css_animation=\u201dappear\u201d]Galatrona is Petrolo\u2019s \u201d\u00a0<strong>Grand-Cru<\/strong>\u00a0\u201d of\u00a0<strong>Merlot<\/strong>\u00a0, coming from the vineyard of the same name planted between the end of the eighties and the mid-nineties with\u00a0low vigor\u00a0<strong>Bordeaux clones .\u00a0<\/strong>The particular soil of medium texture rich in clay with galestro, alberese and sandstone allows the concentration of all the noble components of the grape, fundamental for the characteristics of <strong>great structure<\/strong>\u00a0,\u00a0<strong>elegance<\/strong>\u00a0,\u00a0<strong>balance<\/strong>\u00a0and persistence, desired for this wine.[\/vc_column_text][\/vc_column][vc_column offset=\u201dvc_col-lg-6 vc_col-md-6 vc_col-xs-12\u2033 el_class=\u201dzacinski_ukusi_kontejner\u201d][vc_row_inner][vc_column_inner el_class=\u201dzacinski_ukusi\u201d width=\u201d1\/4\u2033 offset=\u201dvc_col-xs-3\u2033][vc_single_image image=\u201d1760\u2033 img_size=\u201dfull\u201d][\/vc_column_inner][vc_column_inner el_class=\u201dzacinski_ukusi\u201d width=\u201d1\/4\u2033 offset=\u201dvc_col-xs-3\u2033][vc_single_image image=\u201d1672\u2033 img_size=\u201dfull\u201d][\/vc_column_inner][vc_column_inner el_class=\u201dzacinski_ukusi\u201d width=\u201d1\/4\u2033 offset=\u201dvc_col-xs-3\u2033][vc_single_image image=\u201d2634\u2033 img_size=\u201dfull\u201d][\/vc_column_inner][vc_column_inner el_class=\u201dzacinski_ukusi\u201d width=\u201d1\/4\u2033 offset=\u201dvc_col-xs-3\u2033][vc_single_image image=\u201d1734\u2033 img_size=\u201dfull\u201d][\/vc_column_inner][\/vc_row_inner][\/vc_column][\/vc_row][vc_row content_placement=\u201dmiddle\u201d css=\u201d.vc_custom_1589642594818{padding-top: 0px !important;padding-bottom: 0px !important;background-color: #f2f2f2 !important;}\u201d][vc_column css=\u201d.vc_custom_1599061177685{padding-top: 0px !important;padding-right: 0px !important;padding-bottom: 0px !important;padding-left: 0px !important;}\u201d offset=\u201dvc_col-lg-6 vc_col-md-6\u2033][vc_single_image image=\u201d2239\u2033 img_size=\u201dfull\u201d css=\u201d.vc_custom_1671563924965{margin-bottom: 0px !important;}\u201d][\/vc_column][vc_column css=\u201d.vc_custom_1589642622064{padding-top: 15% !important;padding-right: 15% !important;padding-bottom: 15% !important;padding-left: 15% !important;}\u201d offset=\u201dvc_col-lg-6 vc_col-md-6\u2033] <div class=\"title-subtitle-box wpb_animate_when_almost_visible wpb_appear appear\" style=\"text-align: left;\"><p style=\"\">To make your choice easier<\/p><h2 style=\"font-weight: normal;\">Serving and food pairing<\/h2><\/div> [vc_column_text css_animation=\u201dappear\u201d]Venison stew will be an amazing partner with this wine.<br\/> Decant for an hour and serve at 16-18\u00b0C.[\/vc_column_text][\/vc_column][\/vc_row][vc_row content_placement=\u201dmiddle\u201d css=\u201d.vc_custom_1589642633999{padding-top: 0px !important;padding-bottom: 0px !important;background-color: #f2f2f2 !important;}\u201d][vc_column css=\u201d.vc_custom_1599061188581{padding-top: 20% !important;padding-right: 15% !important;padding-bottom: 20% !important;padding-left: 15% !important;}\u201d offset=\u201dvc_col-lg-6 vc_col-md-6\u2033] <div class=\"title-subtitle-box wpb_animate_when_almost_visible wpb_appear appear\" style=\"text-align: left;\"><h2 style=\"font-weight: normal;\">Technical Sheet<\/h2><\/div><div class=\"featured-icon-box wpb_animate_when_almost_visible wpb_appear appearstyle_2\"><div class=\"vc_icon_element vc_icon_element-outer vc_icon_element-align-pull-left\"><div class=\"vc_icon_element-inner vc_icon_element-size-md\"><span class=\"vc_icon_element-icon far fa-file-pdf\"><\/span><a class=\"vc_icon_element-link\" href=\"https:\/\/enotria.rs\/wp-content\/uploads\/petrolo-galatrona-2020-94-ita-1.pdf\" title=\"\" target=\"_blank\"><\/a><\/div><\/div><h3><a href=\"https:\/\/enotria.rs\/wp-content\/uploads\/petrolo-galatrona-2020-94-ita-1.pdf\" title=\"\" target=\"_blank\">Technical Sheet<\/a><\/h3><div class=\"clearfix\"><\/div><div class=\"featured-icon-desc\">Petrolo Galatrona 2019<\/div><\/div>[\/vc_column][vc_column css=\u201d.vc_custom_1460635878309{padding-top: 0px !important;padding-right: 0px !important;padding-bottom: 0px !important;padding-left: 0px !important;}\u201d offset=\u201dvc_col-lg-6 vc_col-md-6 vc_hidden-sm vc_hidden-xs\u201d][vc_single_image image=\u201d2171\u2033 img_size=\u201dfull\u201d css=\u201d.vc_custom_1596045493834{margin-bottom: 0px !important;}\u201d][\/vc_column][\/vc_row][vc_row disable_element=\u201dyes\u201d][vc_column][vc_column_text]<\/p><ol><li><h2>Petrolo Galatrona 2019<\/h2><p>Sme\u0161teno na strmom bre\u017euljku u mestu Lange <em>(Langhe)<\/em>\u00a0nalazi se malo selo Barbaresko\u00a0<em>(Barbaresco)<\/em>, dom vinarije Gaja. Pri\u010da vinarije Gaja poti\u010de iz jedinstvene, jednostavne filozofije: proizvoditi originalna vina sa lokalnim karakterom koja odra\u017eavaju tradiciju i kulturu onih koji su ih pravili. Ova filozofija nadahnula je pet generacija besprekornog vinarstva. Zapo\u010delo je pre vi\u0161e od 150 godina kada je \u0110ovani Gaja\u00a0<em>(Giovanni Gaja)<\/em>\u00a0otvorio mali restoran u Barbaresku, prave\u0107i vino kao dodatak hrani koju je slu\u017eio. 1859. osnovao je vinariju Gaja, proizvode\u0107i prva vina iz Pijemonta koja su fla\u0161irana i prodavana i van regije. Od tog vremena vinariju su oblikovale ruke svake generacije, posebno Klodite Rej\u00a0<em>(Clodite Rey)<\/em>, bake An\u0111ela Gaje\u00a0<em>(Angelo Gaja)<\/em>. Njegova strast prema beskompromisnom kvalitetu uticala je i informisala An\u0111ela Gaju. Te vrednosti postale su kamen temeljac vinarije Gaja i ugradile su se u svaki aspekt proizvodnje vina. Nebbiolo<\/p><h2>Petrolo Galatrona 2019<\/h2><p>Godine 1961. An\u0111elo Gaja zapo\u010deo je svoju misiju dovode\u0107i ovu veliku vinariju na jo\u0161 vi\u0161i nivo. Prvi je upotrebio barik\u00a0<em>(barrique)<\/em>, 225-litarske ba\u010dve od francuskog hrasta. Pod njegovim vo\u0111stvom, vinarija Gaja je pokrenula proizvodnju iz samo jednog vinograda i prvi su zasadili sorte Kaberne Sovinjon\u00a0<em>(Cabernet Sauvignon)<\/em>, \u0160ardone\u00a0<em>(Chardonnay)<\/em>\u00a0i Sovinjon Beli<em>\u00a0(Sauvignon Blanc)<\/em>\u00a0u Pijemontu. Tako\u0111e je bio od velikog zna\u010daja za uzdizanje lokalne sorte Nebiolo\u00a0<em>(Nebbiolo)<\/em>\u00a0na svetski nivo.<\/p><p>An\u0111elu Gaji pridru\u017eila se peta generacija porodice Gaja \u2013 njegove \u0107erke Gaia i Rosana, kao i sin \u0110ovani\u00a0<em>(Giovanni)<\/em>\u00a0zajedno nastavljaju da unapre\u0111uju nasle\u0111e vinarije. Da bi u potpunosti ostvarili svoju viziju, sva Gaja vina proizvode se isklju\u010divo od gro\u017e\u0111a koje se uzgaja u vinogradima u vlasni\u0161tvu imanja, koje se sada prostire na 3 lokacije:<\/p><h2>Petrolo Galatrona 2019<\/h2><ol><li style=\"list-style-type: none;\"><ol><li style=\"list-style-type: none;\"><ol><li>Gaja\u00a0<em>(Piemonte)<\/em> \u2013 96 hektara u oblastima Barbaresco i Barolo, imanje na kome je sve po\u010delo. Nebbiolo, Nebbiolo<\/li><li>Pieve Santa Restituta\u00a0<em>(Montalcino, Toscana)<\/em>\u00a0\u2013 27 hektara vinograda na imanju koje je porodica Gaja kupila 1994. i to je njihov prvi ulazak u regiju Toskana, gde uzgajaju isklju\u010divo sortu San\u0111oveze\u00a0<em>(Sangiovese)<\/em>\u00a0i proizvode 3 etikete vina Brunello di Montalcino.<\/li><li>Ca\u00b4Marcanda\u00a0<em>(Bolgheri, Toscana)<\/em>\u00a0\u2013 imanje koje obuhvata 126 hektara i koje je An\u0111elo Gaja kupio 1996. nakon dugih i te\u0161kih pregovora, pa je po tome i dobilo naziv \u2013 Ca\u2019Marcanda\u00a0<em>(ku\u0107a beskrajnih pregovora)<\/em>. Ovde se uzgajaju crvene sorte karakteristi\u010dne za apelaciju Bolgheri \u2013 Cabernet Sauvignon, Cabernet Franc, Merlot, Syrah i Sangiovese, kao i tri bele sorte: Vermentino, Viogner i Fiano <a href=\"https:\/\/www.petrolo.it\/cantina\/torrione-2\/\">https:\/\/www.petrolo.it\/cantina\/torrione-2\/<\/a><\/li><li><a href=\"https:\/\/enotria.rs\/nasi-brendovi\/petrolo\/\">https:\/\/enotria.rs\/nasi-brendovi\/petrolo\/<\/a><\/li><\/ol><\/li><li><\/li><\/ol><\/li><li><\/li><\/ol><\/li><li><\/li><\/ol><p>[\/vc_column_text][\/vc_column][\/vc_row]<\/p><\/div>","protected":false},"excerpt":{"rendered":"<p>[vc_row el_class=\u201docene-vina-kontejner\u201d][vc_column width=\u201d1\/3\u2033][\/vc_column][vc_column width=\u201d1\/3\u2033][vc_column_text el_class=\u201docene-vina\u201d] Ratings[\/vc_column_text][vc_column_text el_class=\u201docene-vina-tabela\u201d]99JS (James Suckling)99FA (Falstaff)97RP (Robert Parker)[\/vc_column_text][\/vc_column][vc_column width=\u201d1\/3\u2033][\/vc_column][\/vc_row][vc_row content_placement=\u201dmiddle\u201d css=\u201d.vc_custom_1591030782214{border-bottom-width: 0px !important;padding-top: 0px !important;padding-bottom: 0px !important;background-color: #ededed !important;border-bottom-color: #ffffff !important;border-bottom-style: solid !important;}\u201d][vc_column css=\u201d.vc_custom_1591730351964{padding-top: 15% !important;padding-right:<br class=\"read-more-spacer\"> <a class=\"more-link\" href=\"https:\/\/www.enotria.rs\/en\/shop\/petrolo-galatrona-2019\/\">Read More<\/a><\/p>\n","protected":false},"featured_media":3403,"template":"","meta":[],"product_cat":[101,19,80,105],"product_tag":[33,106,85,108],"yst_prominent_words":[],"_links":{"self":[{"href":"https:\/\/www.enotria.rs\/en\/wp-json\/wp\/v2\/product\/3411"}],"collection":[{"href":"https:\/\/www.enotria.rs\/en\/wp-json\/wp\/v2\/product"}],"about":[{"href":"https:\/\/www.enotria.rs\/en\/wp-json\/wp\/v2\/types\/product"}],"wp:featuredmedia":[{"embeddable":true,"href":"https:\/\/www.enotria.rs\/en\/wp-json\/wp\/v2\/media\/3403"}],"wp:attachment":[{"href":"https:\/\/www.enotria.rs\/en\/wp-json\/wp\/v2\/media?parent=3411"}],"wp:term":[{"taxonomy":"product_cat","embeddable":true,"href":"https:\/\/www.enotria.rs\/en\/wp-json\/wp\/v2\/product_cat?post=3411"},{"taxonomy":"product_tag","embeddable":true,"href":"https:\/\/www.enotria.rs\/en\/wp-json\/wp\/v2\/product_tag?post=3411"},{"taxonomy":"yst_prominent_words","embeddable":true,"href":"https:\/\/www.enotria.rs\/en\/wp-json\/wp\/v2\/yst_prominent_words?post=3411"}],"curies":[{"name":"wp","href":"https:\/\/api.w.org\/{rel}","templated":true}]}}