{"id":2940,"date":"2021-04-06T14:24:20","date_gmt":"2021-04-06T12:24:20","guid":{"rendered":"https:\/\/enotria.rs\/?post_type=product&#038;p=2940"},"modified":"2025-01-18T11:55:05","modified_gmt":"2025-01-18T10:55:05","slug":"brunello-di-montalcino-pelagrilli-2016","status":"publish","type":"product","link":"https:\/\/www.enotria.rs\/en\/shop\/brunello-di-montalcino-pelagrilli-2016\/","title":{"rendered":"Brunello di Montalcino Pelagrilli 2016"},"content":{"rendered":"<div class=\"wpb-content-wrapper\"><p>[vc_row el_class=\u201docene-vina-kontejner\u201d][vc_column width=\u201d1\/3\u2033][\/vc_column][vc_column width=\u201d1\/3\u2033][vc_column_text el_class=\u201docene-vina\u201d]<\/p><h3><img loading=\"lazy\" decoding=\"async\" class=\"ocena-vina-ikona alignleft wp-image-1737\" role=\"img\" src=\"https:\/\/enotria.rs\/wp-content\/uploads\/ikona-ocene.svg\" alt=\"\" width=\"30\" height=\"30\" srcset=\"\"\/>Ratings<\/h3><p>[\/vc_column_text][vc_column_text el_class=\u201docene-vina-tabela\u201d]<\/p><table style=\"height: 115px;\" width=\"196\"><tbody><tr><td><strong>97<\/strong><\/td><td><strong>WS<\/strong>(Wine Spectator)<\/td><\/tr><tr><td><strong>95<\/strong><\/td><td><strong>JS<\/strong> (James Suckling)<\/td><\/tr><tr><td><strong>94<\/strong><\/td><td><strong>RP<\/strong> (Robert Parker)<\/td><\/tr><\/tbody><\/table><p>[\/vc_column_text][\/vc_column][vc_column width=\u201d1\/3\u2033][\/vc_column][\/vc_row][vc_row content_placement=\u201dmiddle\u201d css=\u201d.vc_custom_1591030782214{border-bottom-width: 0px !important;padding-top: 0px !important;padding-bottom: 0px !important;background-color: #ededed !important;border-bottom-color: #ffffff !important;border-bottom-style: solid !important;}\u201d][vc_column css=\u201d.vc_custom_1591730351964{padding-top: 15% !important;padding-right: 15% !important;padding-bottom: 15% !important;padding-left: 15% !important;background-color: #f2f2f2 !important;}\u201d offset=\u201dvc_col-lg-6 vc_col-md-6\u2033] <div class=\"title-subtitle-box wpb_animate_when_almost_visible wpb_appear appear\" style=\"text-align: left;\"><h2 style=\"font-weight: normal;\">Tasting Notes<\/h2><\/div> [vc_column_text css_animation=\u201dappear\u201d]Balanced, fresh and a very elegant structure.<br\/> It is produced in our vineyards, which range from 25 to 35 years old,<br\/> mostly on the north side of Montalcino.[\/vc_column_text][\/vc_column][vc_column offset=\u201dvc_col-lg-6 vc_col-md-6 vc_col-xs-12\u2033 el_class=\u201dzacinski_ukusi_kontejner\u201d][vc_row_inner][vc_column_inner width=\u201d1\/4\u2033][vc_single_image image=\u201d2587\u2033 img_size=\u201dfull\u201d][\/vc_column_inner][vc_column_inner width=\u201d1\/4\u2033][vc_single_image image=\u201d1717\u2033 img_size=\u201dfull\u201d][\/vc_column_inner][vc_column_inner width=\u201d1\/4\u2033][vc_single_image image=\u201d2633\u2033 img_size=\u201dfull\u201d][\/vc_column_inner][vc_column_inner width=\u201d1\/4\u2033][vc_single_image image=\u201d1783\u2033 img_size=\u201dfull\u201d][\/vc_column_inner][\/vc_row_inner][\/vc_column][\/vc_row][vc_row content_placement=\u201dmiddle\u201d css=\u201d.vc_custom_1589642594818{padding-top: 0px !important;padding-bottom: 0px !important;background-color: #f2f2f2 !important;}\u201d][vc_column css=\u201d.vc_custom_1600087775657{padding-top: 0px !important;padding-right: 0px !important;padding-bottom: 0px !important;padding-left: 0px !important;}\u201d offset=\u201dvc_col-lg-6 vc_col-md-6\u2033][vc_single_image image=\u201d2317\u2033 img_size=\u201dfull\u201d css=\u201d.vc_custom_1596794349891{margin-bottom: 0px !important;}\u201d][\/vc_column][vc_column css=\u201d.vc_custom_1589642622064{padding-top: 15% !important;padding-right: 15% !important;padding-bottom: 15% !important;padding-left: 15% !important;}\u201d offset=\u201dvc_col-lg-6 vc_col-md-6\u2033] <div class=\"title-subtitle-box wpb_animate_when_almost_visible wpb_appear appear\" style=\"text-align: left;\"><p style=\"\">To make your choice easier<\/p><h2 style=\"font-weight: normal;\">Serving and food pairing<\/h2><\/div> [vc_column_text css_animation=\u201dappear\u201d]It will match perfectly with grilled Rib eye steak<br\/> Decant it for half an hour and serve it at 16-18\u00b0C.[\/vc_column_text][\/vc_column][\/vc_row][vc_row content_placement=\u201dmiddle\u201d css=\u201d.vc_custom_1589642633999{padding-top: 0px !important;padding-bottom: 0px !important;background-color: #f2f2f2 !important;}\u201d][vc_column css=\u201d.vc_custom_1460636587092{padding: 20% !important;}\u201d offset=\u201dvc_col-lg-6 vc_col-md-6\u2033] <div class=\"title-subtitle-box wpb_animate_when_almost_visible wpb_appear appear\" style=\"text-align: left;\"><h2 style=\"font-weight: normal;\">Technical Sheet<\/h2><\/div><div class=\"featured-icon-box wpb_animate_when_almost_visible wpb_appear appearstyle_2\"><div class=\"vc_icon_element vc_icon_element-outer vc_icon_element-align-pull-left\"><div class=\"vc_icon_element-inner vc_icon_element-size-md\"><span class=\"vc_icon_element-icon far fa-file-pdf\"><\/span><\/div><\/div><h3>Technical Sheet<\/h3><div class=\"clearfix\"><\/div><div class=\"featured-icon-desc\">Siro Pacenti Pelagrilli 2015<\/div><\/div>[\/vc_column][vc_column css=\u201d.vc_custom_1460635878309{padding-top: 0px !important;padding-right: 0px !important;padding-bottom: 0px !important;padding-left: 0px !important;}\u201d offset=\u201dvc_col-lg-6 vc_col-md-6 vc_hidden-sm vc_hidden-xs\u201d][vc_single_image image=\u201d2171\u2033 img_size=\u201dfull\u201d css=\u201d.vc_custom_1596045493834{margin-bottom: 0px !important;}\u201d][\/vc_column][\/vc_row][vc_row disable_element=\u201dyes\u201d][vc_column][vc_column_text]<\/p><h2>Brunello di Montalcino Pelagrilli<\/h2><p><a href=\"http:\/\/www.siropacenti.it\/en\/vini\/wines?v=9\">http:\/\/www.siropacenti.it\/en\/vini\/wines?v=9<\/a><\/p><p><a href=\"https:\/\/enotria.rs\/nasi-brendovi\/siro-pacenti\/\">https:\/\/enotria.rs\/nasi-brendovi\/siro-pacenti\/<\/a><\/p><p><span class=\"istaknuti-tekst\">Imanje Pa\u0107enti osnovano je 1970. godine, kada je Siro Pa\u0107enti otkupio imanje Pelagrili severno od Montal\u0107ina, a potom posadio vinograde koji se i danas tu nalaze, na sve\u017eem, glinenom zemlji\u0161tu iznad Siene.<\/span><\/p><h2>Brunello di Montalcino Pelagrilli<\/h2><p><span class=\"istaknuti-tekst\">1988. vinariju preuzima \u0110ankarlo Pa\u0107enti (Giancarlo Pacenti). To je bila godina u kojoj su po prvi put fla\u0161irani Rosso i Brunello di Montalcino Siro Pacenti.<\/span><\/p><p>Po\u010detkom devedesetih godina, imanje se pro\u0161irilo i obuhvatalo zemlju ju\u017eno od Montal\u0107ina (Piancornello).<\/p><h3>Siro Pacenti<\/h3><h2>Montal\u0107ino, Toskana<\/h2><p>Romanti\u010dni srednjevekovni toskanski gradi\u0107, Montal\u0107ino (Montalcino), okru\u017een brdima i gustom \u0161umom nalazi se oko 80 km ju\u017eno od Firence. Tlo, nadmorska visina i bujna topografija \u010dine Montalcino idealnim domom za gro\u017e\u0111e San\u0111oveze (Sangiovese) i najpoznatije vino tog kraja, Brunello di Montalcino.<\/p><p>Iako je geografski i kulturolo\u0161ki sli\u010dan regiji Kjanti (Chianti), Montalcino ima peskovitije tlo i vi\u0161e kre\u010dnjaka od onog na severu. U najsevernijim delovima, mikroklima je hladnija. \u0160irom regije zasa\u0111eni su vinogradi na nadmorskoj visini od 300 do 500 metara; zbog strmih terasa na kojima se nalaze, veliki deo berbe vr\u0161i se ru\u010dno.<\/p><p>Prvi zapisi o crvenim vinima iz Montalcina datiraju iz ranog 14. veka. Me\u0111utim, stil kakav danas poznajemo nastao je tek 1870-ih, neposredno nakon stvaranja jedinstvene talijanske dr\u017eave.<\/p><p>Brunello je deminutiv re\u010di Bruno (\u201esme\u0111i\u201c), je nastalo kao ime koje je opisivalo izgled bobica sorte za koju se ranije smatralo da je individualna i koja se uzgajala samo u Montal\u0107inu. 1879. Amfelografska komisija provincije Siena utvrdila je, nakon nekoliko godina kontrolisanih eksperimenata, da su Sangiovese i Brunello ista sorta gro\u017e\u0111a, odnosno utvr\u0111eno je da ke Brunello zapravo klon sorte Sangiovese i pravi naziv mu je Sangiovese Grosso.<\/p><p>Jako dobar par mu je grilovani Ribeye odrezak.<br\/> Preporu\u010dena temperatura serviranja je 16-18\u00b0C.<br\/> Po\u017eeljno dekantirajte 30min.<\/p><p>Vinoteka Beograd, vino cena, vino beograd, online vino, online dostava vina, moet cena, rakija cena, vino italija, italijanska vina, najbolja italijanska vina,<\/p><p>[\/vc_column_text][\/vc_column][\/vc_row]<\/p><\/div>","protected":false},"excerpt":{"rendered":"<p>[vc_row el_class=\u201docene-vina-kontejner\u201d][vc_column width=\u201d1\/3\u2033][\/vc_column][vc_column width=\u201d1\/3\u2033][vc_column_text el_class=\u201docene-vina\u201d]Ratings[\/vc_column_text][vc_column_text el_class=\u201docene-vina-tabela\u201d]97WS(Wine Spectator)95JS (James Suckling)94RP (Robert Parker)[\/vc_column_text][\/vc_column][vc_column width=\u201d1\/3\u2033][\/vc_column][\/vc_row][vc_row content_placement=\u201dmiddle\u201d css=\u201d.vc_custom_1591030782214{border-bottom-width: 0px !important;padding-top: 0px !important;padding-bottom: 0px !important;background-color: #ededed !important;border-bottom-color: #ffffff !important;border-bottom-style: solid !important;}\u201d][vc_column css=\u201d.vc_custom_1591730351964{padding-top: 15% !important;padding-right: 15%<br class=\"read-more-spacer\"> <a class=\"more-link\" href=\"https:\/\/www.enotria.rs\/en\/shop\/brunello-di-montalcino-pelagrilli-2016\/\">Read More<\/a><\/p>\n","protected":false},"featured_media":2646,"template":"","meta":[],"product_cat":[101,80,19,78],"product_tag":[86,90,33,85],"yst_prominent_words":[],"_links":{"self":[{"href":"https:\/\/www.enotria.rs\/en\/wp-json\/wp\/v2\/product\/2940"}],"collection":[{"href":"https:\/\/www.enotria.rs\/en\/wp-json\/wp\/v2\/product"}],"about":[{"href":"https:\/\/www.enotria.rs\/en\/wp-json\/wp\/v2\/types\/product"}],"wp:featuredmedia":[{"embeddable":true,"href":"https:\/\/www.enotria.rs\/en\/wp-json\/wp\/v2\/media\/2646"}],"wp:attachment":[{"href":"https:\/\/www.enotria.rs\/en\/wp-json\/wp\/v2\/media?parent=2940"}],"wp:term":[{"taxonomy":"product_cat","embeddable":true,"href":"https:\/\/www.enotria.rs\/en\/wp-json\/wp\/v2\/product_cat?post=2940"},{"taxonomy":"product_tag","embeddable":true,"href":"https:\/\/www.enotria.rs\/en\/wp-json\/wp\/v2\/product_tag?post=2940"},{"taxonomy":"yst_prominent_words","embeddable":true,"href":"https:\/\/www.enotria.rs\/en\/wp-json\/wp\/v2\/yst_prominent_words?post=2940"}],"curies":[{"name":"wp","href":"https:\/\/api.w.org\/{rel}","templated":true}]}}