{"id":2272,"date":"2020-08-05T14:14:35","date_gmt":"2020-08-05T12:14:35","guid":{"rendered":"http:\/\/enotria.rs\/?post_type=product&#038;p=2272"},"modified":"2024-10-07T13:27:10","modified_gmt":"2024-10-07T11:27:10","slug":"gaja-grappa-di-brunello-rennina","status":"publish","type":"product","link":"https:\/\/www.enotria.rs\/en\/shop\/gaja-grappa-di-brunello-rennina\/","title":{"rendered":"Grappa di Brunello di Montalcino Rennina"},"content":{"rendered":"<div class=\"wpb-content-wrapper\"><p>[vc_row content_placement=\u201dmiddle\u201d css=\u201d.vc_custom_1591030782214{border-bottom-width: 0px !important;padding-top: 0px !important;padding-bottom: 0px !important;background-color: #ededed !important;border-bottom-color: #ffffff !important;border-bottom-style: solid !important;}\u201d][vc_column css=\u201d.vc_custom_1591730351964{padding-top: 15% !important;padding-right: 15% !important;padding-bottom: 15% !important;padding-left: 15% !important;background-color: #f2f2f2 !important;}\u201d offset=\u201dvc_col-lg-6 vc_col-md-6\u2033] <div class=\"title-subtitle-box wpb_animate_when_almost_visible wpb_appear appear\" style=\"text-align: left;\"><h2 style=\"font-weight: normal;\">Tasting Notes<\/h2><\/div> [vc_column_text css_animation=\u201dappear\u201d]A luminous grappa with pleasant, delicate aromas.<\/p><p>Its rich structure mirrors the aromatic components, with its intense floral notes.<\/p><p>Excellent concentration, with a slightly peppery finish.[\/vc_column_text][\/vc_column][vc_column offset=\u201dvc_col-lg-6 vc_col-md-6 vc_col-xs-12\u2033 el_class=\u201dzacinski_ukusi_kontejner\u201d][vc_row_inner][vc_column_inner el_class=\u201dzacinski_ukusi\u201d width=\u201d1\/4\u2033 offset=\u201dvc_col-xs-3\u2033][vc_single_image image=\u201d1783\u2033 img_size=\u201dfull\u201d][\/vc_column_inner][vc_column_inner width=\u201d1\/4\u2033][vc_single_image image=\u201d2611\u2033][\/vc_column_inner][vc_column_inner width=\u201d1\/4\u2033][vc_single_image image=\u201d2579\u2033][\/vc_column_inner][vc_column_inner width=\u201d1\/4\u2033][\/vc_column_inner][\/vc_row_inner][\/vc_column][\/vc_row][vc_row content_placement=\u201dmiddle\u201d css=\u201d.vc_custom_1589642594818{padding-top: 0px !important;padding-bottom: 0px !important;background-color: #f2f2f2 !important;}\u201d][vc_column css=\u201d.vc_custom_1599057951659{padding-top: 0px !important;padding-right: 0px !important;padding-bottom: 0px !important;padding-left: 0px !important;}\u201d offset=\u201dvc_col-lg-6 vc_col-md-6\u2033][vc_single_image image=\u201d2274\u2033 img_size=\u201dfull\u201d css=\u201d.vc_custom_1596630792029{margin-bottom: 0px !important;}\u201d][\/vc_column][vc_column css=\u201d.vc_custom_1589642622064{padding-top: 15% !important;padding-right: 15% !important;padding-bottom: 15% !important;padding-left: 15% !important;}\u201d offset=\u201dvc_col-lg-6 vc_col-md-6\u2033] <div class=\"title-subtitle-box wpb_animate_when_almost_visible wpb_appear appear\" style=\"text-align: left;\"><p style=\"\">To make your choice easier<\/p><h2 style=\"font-weight: normal;\">Serving and food pairing<\/h2><\/div> [vc_column_text css_animation=\u201dappear\u201d]Try it with ice cream cake.<br\/> Serve in grappa glass at 15-17\u00b0C.[\/vc_column_text][\/vc_column][\/vc_row][vc_row content_placement=\u201dmiddle\u201d css=\u201d.vc_custom_1597091272701{padding-top: 0px !important;padding-bottom: 0px !important;background-color: #f2f2f2 !important;}\u201d][vc_column css=\u201d.vc_custom_1599057961652{padding-top: 20% !important;padding-right: 15% !important;padding-bottom: 20% !important;padding-left: 15% !important;}\u201d offset=\u201dvc_col-lg-6 vc_col-md-6\u2033] <div class=\"title-subtitle-box wpb_animate_when_almost_visible wpb_appear appear\" style=\"text-align: left;\"><h2 style=\"font-weight: normal;\">Technical Sheet<\/h2><\/div><div class=\"featured-icon-box wpb_animate_when_almost_visible wpb_appear appearstyle_2\"><div class=\"vc_icon_element vc_icon_element-outer vc_icon_element-align-pull-left\"><div class=\"vc_icon_element-inner vc_icon_element-size-md\"><span class=\"vc_icon_element-icon far fa-file-pdf\"><\/span><a class=\"vc_icon_element-link\" href=\"http:\/\/enotria.rs\/wp-content\/uploads\/RENNINA-GRAPPA-DI-BRUNELLO-DI-MONTALCINO.pdf\" title=\"\" target=\"_blank\"><\/a><\/div><\/div><h3><a href=\"http:\/\/enotria.rs\/wp-content\/uploads\/RENNINA-GRAPPA-DI-BRUNELLO-DI-MONTALCINO.pdf\" title=\"\" target=\"_blank\">Technical Sheet<\/a><\/h3><div class=\"clearfix\"><\/div><div class=\"featured-icon-desc\">Gaja Grappa di Brunello Rennina<\/div><\/div>[\/vc_column][vc_column css=\u201d.vc_custom_1460635878309{padding-top: 0px !important;padding-right: 0px !important;padding-bottom: 0px !important;padding-left: 0px !important;}\u201d offset=\u201dvc_col-lg-6 vc_col-md-6 vc_hidden-sm vc_hidden-xs\u201d][vc_single_image image=\u201d2414\u2033 img_size=\u201dfull\u201d css=\u201d.vc_custom_1597091870975{margin-bottom: 0px !important;}\u201d][\/vc_column][\/vc_row][vc_row disable_element=\u201dyes\u201d][vc_column][vc_column_text]<\/p><h2>Gaja Grappa di Brunello di Montalcino Rennina<\/h2><p>Sme\u0161teno na strmom bre\u017euljku u mestu Lange <em>(Langhe)<\/em>\u00a0nalazi se malo selo Barbaresko\u00a0<em>(Barbaresco)<\/em>, dom vinarije Gaja. Pri\u010da vinarije Gaja poti\u010de iz jedinstvene, jednostavne filozofije: proizvoditi originalna vina sa lokalnim karakterom koja odra\u017eavaju tradiciju i kulturu onih koji su ih pravili. Ova filozofija nadahnula je pet generacija besprekornog vinarstva. Zapo\u010delo je pre vi\u0161e od 150 godina kada je \u0110ovani Gaja\u00a0<em>(Giovanni Gaja)<\/em>\u00a0otvorio mali restoran u Barbaresku, prave\u0107i vino kao dodatak hrani koju je slu\u017eio. 1859. osnovao je vinariju Gaja, proizvode\u0107i prva vina iz Pijemonta koja su fla\u0161irana i prodavana i van regije. Od tog vremena vinariju su oblikovale ruke svake generacije, posebno Klodite Rej\u00a0<em>(Clodite Rey)<\/em>, bake An\u0111ela Gaje\u00a0<em>(Angelo Gaja)<\/em>. Njegova strast prema beskompromisnom kvalitetu uticala je i informisala An\u0111ela Gaju. Te vrednosti postale su kamen temeljac vinarije Gaja i ugradile su se u svaki aspekt proizvodnje vina. Nebbiolo<\/p><h2>Gaja Grappa di Brunello di Montalcino Rennina<\/h2><p>Godine 1961. An\u0111elo Gaja zapo\u010deo je svoju misiju dovode\u0107i ovu veliku vinariju na jo\u0161 vi\u0161i nivo. Prvi je upotrebio barik\u00a0<em>(barrique)<\/em>, 225-litarske ba\u010dve od francuskog hrasta. Pod njegovim vo\u0111stvom, vinarija Gaja je pokrenula proizvodnju iz samo jednog vinograda i prvi su zasadili sorte Kaberne Sovinjon\u00a0<em>(Cabernet Sauvignon)<\/em>, \u0160ardone\u00a0<em>(Chardonnay)<\/em>\u00a0i Sovinjon Beli<em>\u00a0(Sauvignon Blanc)<\/em>\u00a0u Pijemontu. Tako\u0111e je bio od velikog zna\u010daja za uzdizanje lokalne sorte Nebiolo\u00a0<em>(Nebbiolo)<\/em>\u00a0na svetski nivo.<\/p><p>An\u0111elu Gaji pridru\u017eila se peta generacija porodice Gaja \u2013 njegove \u0107erke Gaia i Rosana, kao i sin \u0110ovani\u00a0<em>(Giovanni)<\/em>\u00a0zajedno nastavljaju da unapre\u0111uju nasle\u0111e vinarije. Da bi u potpunosti ostvarili svoju viziju, sva Gaja vina proizvode se isklju\u010divo od gro\u017e\u0111a koje se uzgaja u vinogradima u vlasni\u0161tvu imanja, koje se sada prostire na 3 lokacije:<\/p><h2>Gaja Grappa<\/h2><ol><li>Gaja\u00a0<em>(Piemonte)<\/em> \u2013 96 hektara u oblastima Barbaresco i Barolo, imanje na kome je sve po\u010delo. Nebbiolo, Nebbiolo<\/li><li>Pieve Santa Restituta\u00a0<em>(Montalcino, Toscana)<\/em>\u00a0\u2013 27 hektara vinograda na imanju koje je porodica Gaja kupila 1994. i to je njihov prvi ulazak u regiju Toskana, gde uzgajaju isklju\u010divo sortu San\u0111oveze\u00a0<em>(Sangiovese)<\/em>\u00a0i proizvode 3 etikete vina Brunello di Montalcino.<\/li><li>Ca\u00b4Marcanda\u00a0<em>(Bolgheri, Toscana)<\/em>\u00a0\u2013 imanje koje obuhvata 126 hektara i koje je An\u0111elo Gaja kupio 1996. nakon dugih i te\u0161kih pregovora, pa je po tome i dobilo naziv \u2013 Ca\u2019Marcanda\u00a0<em>(ku\u0107a beskrajnih pregovora)<\/em>. Ovde se uzgajaju crvene sorte karakteristi\u010dne za apelaciju Bolgheri \u2013 Cabernet Sauvignon, Cabernet Franc, Merlot, Syrah i Sangiovese, kao i tri bele sorte: Vermentino, Viogner i Fiano <a href=\"http:\/\/gaja.com\/\">http:\/\/gaja.com\/\u00a0<\/a><\/li><li><a href=\"https:\/\/enotria.rs\/nasi-brendovi\/gaja\/\">https:\/\/enotria.rs\/nasi-brendovi\/gaja\/<\/a><\/li><\/ol><p>[\/vc_column_text][\/vc_column][\/vc_row]<\/p><\/div>","protected":false},"excerpt":{"rendered":"<p>[vc_row content_placement=\u201dmiddle\u201d css=\u201d.vc_custom_1591030782214{border-bottom-width: 0px !important;padding-top: 0px !important;padding-bottom: 0px !important;background-color: #ededed !important;border-bottom-color: #ffffff !important;border-bottom-style: solid !important;}\u201d][vc_column css=\u201d.vc_custom_1591730351964{padding-top: 15% !important;padding-right: 15% !important;padding-bottom: 15% !important;padding-left: 15% !important;background-color: #f2f2f2 !important;}\u201d offset=\u201dvc_col-lg-6 vc_col-md-6\u2033][vc_column_text css_animation=\u201dappear\u201d]A luminous<br class=\"read-more-spacer\"> <a class=\"more-link\" href=\"https:\/\/www.enotria.rs\/en\/shop\/gaja-grappa-di-brunello-rennina\/\">Read More<\/a><\/p>\n","protected":false},"featured_media":2608,"template":"","meta":[],"product_cat":[59,75],"product_tag":[87,76],"yst_prominent_words":[],"_links":{"self":[{"href":"https:\/\/www.enotria.rs\/en\/wp-json\/wp\/v2\/product\/2272"}],"collection":[{"href":"https:\/\/www.enotria.rs\/en\/wp-json\/wp\/v2\/product"}],"about":[{"href":"https:\/\/www.enotria.rs\/en\/wp-json\/wp\/v2\/types\/product"}],"wp:featuredmedia":[{"embeddable":true,"href":"https:\/\/www.enotria.rs\/en\/wp-json\/wp\/v2\/media\/2608"}],"wp:attachment":[{"href":"https:\/\/www.enotria.rs\/en\/wp-json\/wp\/v2\/media?parent=2272"}],"wp:term":[{"taxonomy":"product_cat","embeddable":true,"href":"https:\/\/www.enotria.rs\/en\/wp-json\/wp\/v2\/product_cat?post=2272"},{"taxonomy":"product_tag","embeddable":true,"href":"https:\/\/www.enotria.rs\/en\/wp-json\/wp\/v2\/product_tag?post=2272"},{"taxonomy":"yst_prominent_words","embeddable":true,"href":"https:\/\/www.enotria.rs\/en\/wp-json\/wp\/v2\/yst_prominent_words?post=2272"}],"curies":[{"name":"wp","href":"https:\/\/api.w.org\/{rel}","templated":true}]}}