{"id":2193,"date":"2020-07-29T19:09:19","date_gmt":"2020-07-29T17:09:19","guid":{"rendered":"http:\/\/enotria.rs\/?post_type=product&#038;p=2193"},"modified":"2025-11-12T19:56:07","modified_gmt":"2025-11-12T18:56:07","slug":"ricasoli-albia-bianco-2024","status":"publish","type":"product","link":"https:\/\/www.enotria.rs\/en\/shop\/ricasoli-albia-bianco-2024\/","title":{"rendered":"Albia Bianco 2024"},"content":{"rendered":"<div class=\"wpb-content-wrapper\"><p><\/p><p>[vc_row content_placement=\u201dmiddle\u201d css=\u201d.vc_custom_1591030782214{border-bottom-width: 0px !important;padding-top: 0px !important;padding-bottom: 0px !important;background-color: #ededed !important;border-bottom-color: #ffffff !important;border-bottom-style: solid !important;}\u201d][vc_column css=\u201d.vc_custom_1591730351964{padding-top: 15% !important;padding-right: 15% !important;padding-bottom: 15% !important;padding-left: 15% !important;background-color: #f2f2f2 !important;}\u201d offset=\u201dvc_col-lg-6 vc_col-md-6\u2033] <div class=\"title-subtitle-box wpb_animate_when_almost_visible wpb_appear appear\" style=\"text-align: left;\"><h2 style=\"font-weight: normal;\">Tasting Notes<\/h2><\/div> [vc_column_text css_animation=\u201dappear\u201d]Pale yellow straw color.<\/p><p>On the nose, aromas of elderflower, white peach and grapefruit.<\/p><p>Fresh and sapid to taste; the good acidity of this wine provides pleasurable length and persistence.[\/vc_column_text][\/vc_column][vc_column offset=\u201dvc_col-lg-6 vc_col-md-6 vc_col-xs-12\u2033 el_class=\u201dzacinski_ukusi_kontejner\u201d][vc_row_inner][vc_column_inner el_class=\u201dzacinski_ukusi\u201d width=\u201d1\/4\u2033 offset=\u201dvc_col-xs-3\u2033][vc_single_image image=\u201d2446\u2033][\/vc_column_inner][vc_column_inner el_class=\u201dzacinski_ukusi\u201d width=\u201d1\/4\u2033 offset=\u201dvc_col-xs-3\u2033][vc_single_image image=\u201d2445\u2033][\/vc_column_inner][vc_column_inner el_class=\u201dzacinski_ukusi\u201d width=\u201d1\/4\u2033 offset=\u201dvc_col-xs-3\u2033][vc_single_image image=\u201d1720\u2033][\/vc_column_inner][vc_column_inner width=\u201d1\/4\u2033][vc_single_image image=\u201d1728\u2033][\/vc_column_inner][\/vc_row_inner][\/vc_column][\/vc_row][vc_row content_placement=\u201dmiddle\u201d css=\u201d.vc_custom_1589642594818{padding-top: 0px !important;padding-bottom: 0px !important;background-color: #f2f2f2 !important;}\u201d][vc_column css=\u201d.vc_custom_1599061963721{padding-top: 0px !important;padding-right: 0px !important;padding-bottom: 0px !important;padding-left: 0px !important;}\u201d offset=\u201dvc_col-lg-6 vc_col-md-6\u2033][vc_single_image image=\u201d2194\u2033 img_size=\u201dfull\u201d css=\u201d.vc_custom_1596042894822{margin-bottom: 0px !important;}\u201d][\/vc_column][vc_column css=\u201d.vc_custom_1589642622064{padding-top: 15% !important;padding-right: 15% !important;padding-bottom: 15% !important;padding-left: 15% !important;}\u201d offset=\u201dvc_col-lg-6 vc_col-md-6\u2033] <div class=\"title-subtitle-box wpb_animate_when_almost_visible wpb_appear appear\" style=\"text-align: left;\"><p style=\"\">To make your choice easier<\/p><h2 style=\"font-weight: normal;\">Serving and food pairing<\/h2><\/div> [vc_column_text css_animation=\u201dappear\u201d]Great as an aperitif. You can enjoy it with Cesar or Caprese salad.<br\/> Recommended serving temperature is 8-11\u00b0C.[\/vc_column_text][\/vc_column][\/vc_row][vc_row content_placement=\u201dmiddle\u201d css=\u201d.vc_custom_1589642633999{padding-top: 0px !important;padding-bottom: 0px !important;background-color: #f2f2f2 !important;}\u201d][vc_column css=\u201d.vc_custom_1599061974184{padding-top: 20% !important;padding-right: 15% !important;padding-bottom: 20% !important;padding-left: 15% !important;}\u201d offset=\u201dvc_col-lg-6 vc_col-md-6\u2033] <div class=\"title-subtitle-box wpb_animate_when_almost_visible wpb_appear appear\" style=\"text-align: left;\"><h2 style=\"font-weight: normal;\">Technical Sheet<\/h2><\/div><div class=\"featured-icon-box wpb_animate_when_almost_visible wpb_appear appearstyle_2\"><div class=\"vc_icon_element vc_icon_element-outer vc_icon_element-align-pull-left\"><div class=\"vc_icon_element-inner vc_icon_element-size-md\"><span class=\"vc_icon_element-icon far fa-file-pdf\"><\/span><a class=\"vc_icon_element-link\" href=\"https:\/\/www.enotria.rs\/wp-content\/uploads\/albia-bianco-2024-en.pdf\" title=\"\" target=\"_blank\"><\/a><\/div><\/div><h3><a href=\"https:\/\/www.enotria.rs\/wp-content\/uploads\/albia-bianco-2024-en.pdf\" title=\"\" target=\"_blank\">Technical Sheet<\/a><\/h3><div class=\"clearfix\"><\/div><div class=\"featured-icon-desc\">Ricasoli Albia Bianco 2024<\/div><\/div>[\/vc_column][vc_column css=\u201d.vc_custom_1460635878309{padding-top: 0px !important;padding-right: 0px !important;padding-bottom: 0px !important;padding-left: 0px !important;}\u201d offset=\u201dvc_col-lg-6 vc_col-md-6 vc_hidden-sm vc_hidden-xs\u201d][vc_single_image image=\u201d2171\u2033 img_size=\u201dfull\u201d css=\u201d.vc_custom_1595666348872{margin-bottom: 0px !important;}\u201d][\/vc_column][\/vc_row][vc_row disable_element=\u201dyes\u201d][vc_column][vc_column_text]<\/p><h2>Ricasoli Albia Bianco<\/h2><p><span class=\"istaknuti-tekst\">Istorija porodice Rikazoli (Ricasoli) povezuje se sa vinom jo\u0161 od 1141. godine, od kada postoje pismena svedo\u010denja o tome da je porodica Rikazoli ve\u0107 posedovala dvorac Brolio. Nakon \u0161to su vekovima branili svoju zemlju i feudalni suverenitet, porodica Rikazoli shvatila je veliki potencijal teritorije Brolio i me\u0111u prvima su se posvetili unapre\u0111enju poljoprivrede i vinogradarstva. U stvari, njihovo porodi\u010dno stablo iz 1584. godine jedna je od prvih slika iz podru\u010dja Kjanti (Chianti).\u00a0<a href=\"https:\/\/ricasoli.com\/en\/product\/albia-bianco-2018\/\">https:\/\/ricasoli.com\/en\/product\/albia-bianco-2018\/<\/a><\/span><\/p><p>Zanimljivi dokumenti sa kraja 1600-ih izve\u0161tavaju o prvom izvozu u Amsterdam i Englesku, dok su po\u010detkom 1900-ih, vina iz Brolja bila dobro poznata i cenjena, tra\u017eena i izvo\u017eena \u0161irom sveta: od Kine do Saudijske Arabije, preko Ju\u017ene Afrike do Gvatemale, od Kostarike do britanskih kolonija u Africi.\u00a0<a href=\"https:\/\/enotria.rs\/nasi-brendovi\/ricasoli\/\">https:\/\/enotria.rs\/nasi-brendovi\/ricasoli\/<\/a><\/p><h3>Ricasoli Albia Bianco<\/h3><p>1872. godine, Baron Betino Rikazoli (Barone Bettino Ricasoli) \u2013 slavni politi\u010dar, vizionar i vinski preduzetnik, kreirao je formulu za vino Kjanti, koja se danas koristi kao zakonska regulativa za Chianti Classico.<\/p><p>Rikazoli je danas najreprezentativniji proizvo\u0111a\u010d vina u regiji Chianti Classico.<\/p><p>Sa ne\u017enim bre\u017euljcima, bar\u0161unastim dolinama i gustim \u0161umama hrastova i kestena, njegovo imanje na 1.200 hektara obuhvata gotovo 240 hektara vinograda i 26 hektara maslina.<\/p><p>Baron Fran\u010desko Rikazoli (Francesco Ricasoli) od 1993. godine vodi ovu toskansku vinariju u inovativnim izazovima. To \u010dini sa dubokim po\u0161tovanjem njegovih slavnih predaka koji su ovo podru\u010dje u\u010dinili velikim, pre svih Betino Rikazoli.<\/p><h2>Ricasoli Albia Bianco<\/h2><p>Fran\u010desko Rikazoli sprovodi u delo nove ideje i koncepte kako bi vinogradi postali ekolo\u0161ki odr\u017eivi. U toku je prou\u010davanje tipova tla, a klonska selekcija sorte Brolio Sangiovese je me\u0111u njegovim najve\u0107im strastima, kao i obnova svih vinograda na imanju.<\/p><p>Nova vina su, prema tome, rezultat istra\u017eivanja sprovedenih sa istom nau\u010dnom strogo\u0161\u0107u njegovog slavnog pretka, ali sa savremenim duhom, poput trka\u010da koji prima \u0161tafetu i nosi je sa novom energijom.[\/vc_column_text][\/vc_column][\/vc_row]<\/p><p><\/p><\/div>","protected":false},"excerpt":{"rendered":"<p>[vc_row content_placement=\u201dmiddle\u201d css=\u201d.vc_custom_1591030782214{border-bottom-width: 0px !important;padding-top: 0px !important;padding-bottom: 0px !important;background-color: #ededed !important;border-bottom-color: #ffffff !important;border-bottom-style: solid !important;}\u201d][vc_column css=\u201d.vc_custom_1591730351964{padding-top: 15% !important;padding-right: 15% !important;padding-bottom: 15% !important;padding-left: 15% !important;background-color: #f2f2f2 !important;}\u201d offset=\u201dvc_col-lg-6 vc_col-md-6\u2033][vc_column_text css_animation=\u201dappear\u201d]Pale yellow<br class=\"read-more-spacer\"> <a class=\"more-link\" href=\"https:\/\/www.enotria.rs\/en\/shop\/ricasoli-albia-bianco-2024\/\">Read More<\/a><\/p>\n","protected":false},"featured_media":2448,"template":"","meta":[],"product_cat":[20,61],"product_tag":[58,84,85],"yst_prominent_words":[],"_links":{"self":[{"href":"https:\/\/www.enotria.rs\/en\/wp-json\/wp\/v2\/product\/2193"}],"collection":[{"href":"https:\/\/www.enotria.rs\/en\/wp-json\/wp\/v2\/product"}],"about":[{"href":"https:\/\/www.enotria.rs\/en\/wp-json\/wp\/v2\/types\/product"}],"wp:featuredmedia":[{"embeddable":true,"href":"https:\/\/www.enotria.rs\/en\/wp-json\/wp\/v2\/media\/2448"}],"wp:attachment":[{"href":"https:\/\/www.enotria.rs\/en\/wp-json\/wp\/v2\/media?parent=2193"}],"wp:term":[{"taxonomy":"product_cat","embeddable":true,"href":"https:\/\/www.enotria.rs\/en\/wp-json\/wp\/v2\/product_cat?post=2193"},{"taxonomy":"product_tag","embeddable":true,"href":"https:\/\/www.enotria.rs\/en\/wp-json\/wp\/v2\/product_tag?post=2193"},{"taxonomy":"yst_prominent_words","embeddable":true,"href":"https:\/\/www.enotria.rs\/en\/wp-json\/wp\/v2\/yst_prominent_words?post=2193"}],"curies":[{"name":"wp","href":"https:\/\/api.w.org\/{rel}","templated":true}]}}